{"id":1157,"date":"2023-01-13T01:09:24","date_gmt":"2023-01-12T23:09:24","guid":{"rendered":"https:\/\/www.fpbidebietalh.eus\/index.php\/mision-vision-y-valores\/"},"modified":"2023-02-08T11:57:28","modified_gmt":"2023-02-08T09:57:28","slug":"misioa-ikuspegia-eta-balioak","status":"publish","type":"page","link":"https:\/\/www.fpbidebietalh.eus\/eu\/ikastetxea\/misioa-ikuspegia-eta-balioak\/","title":{"rendered":"Misioa, Ikuspegia eta Balioak"},"content":{"rendered":"<p><strong>Misioa<\/strong><br \/>\nZentroaren xedea hau da: erakundean dauden pertsonen garapen profesionala, ikasleen espektatibak eta formakuntzarako eskaerak bete, ezagutzari balioa eman, profesional gaitasuna eta gizarte-erantzukizuna lan-munduan txertatzen erraztu eta Kalitatea eta Etengabeko Hobekuntzan dugun konpromisoan aurrera egin.<\/p>\n<p><strong>Ikuspegia<\/strong><br \/>\nTartangako GLHBI-k Euskal Autonomia Erkidegoko erreferentziako ikastetxea izateko asmoa du, lehen prestakuntza eta lanerako formakuntzarako eta interes taldeek behar eta espektatiba bakoitzeko zerbitzu egokiak eskaintzen, hau da: antolamenduko pertsonei, ikasle, enpresa eta erakunde eta orokorrean gizarteari. Hori guztia, gure inguruarekin duen gizarte erantzukizunak eta etengageko hobekuntzarako kudeaketa ereduko esparruan eginda, IKT erabilera, berrikuntza eta enplegagarritasuna sustatuz.<\/p>\n<p><strong>Balioak<\/strong><\/p>\n<p>Los Valores que el centro impulsa son:<\/p>\n<p>Honestidad, Convivencia, Igualdad, Comunicaci\u00f3n, Respeto, Inclusi\u00f3n, Responsabilidad, Superaci\u00f3n, Trabajo en equipo, Seguridad y Salud, Esp\u00edritu emprendedor, Innovaci\u00f3n, Protecci\u00f3n del medioambiente<\/p>\n","protected":false},"excerpt":{"rendered":"<p>Misioa Zentroaren xedea hau da: erakundean dauden pertsonen garapen profesionala, ikasleen espektatibak eta formakuntzarako eskaerak bete, ezagutzari balioa eman, profesional gaitasuna eta gizarte-erantzukizuna lan-munduan txertatzen erraztu eta Kalitatea eta Etengabeko Hobekuntzan dugun konpromisoan aurrera egin. Ikuspegia Tartangako GLHBI-k Euskal Autonomia Erkidegoko erreferentziako ikastetxea izateko asmoa du, lehen prestakuntza eta lanerako formakuntzarako eta interes taldeek behar [&hellip;]<\/p>\n","protected":false},"author":2,"featured_media":0,"parent":1318,"menu_order":0,"comment_status":"closed","ping_status":"closed","template":"banner-mas-texto.php","meta":{"footnotes":""},"class_list":["post-1157","page","type-page","status-publish","hentry"],"acf":[],"_links":{"self":[{"href":"https:\/\/www.fpbidebietalh.eus\/eu\/wp-json\/wp\/v2\/pages\/1157","targetHints":{"allow":["GET"]}}],"collection":[{"href":"https:\/\/www.fpbidebietalh.eus\/eu\/wp-json\/wp\/v2\/pages"}],"about":[{"href":"https:\/\/www.fpbidebietalh.eus\/eu\/wp-json\/wp\/v2\/types\/page"}],"author":[{"embeddable":true,"href":"https:\/\/www.fpbidebietalh.eus\/eu\/wp-json\/wp\/v2\/users\/2"}],"replies":[{"embeddable":true,"href":"https:\/\/www.fpbidebietalh.eus\/eu\/wp-json\/wp\/v2\/comments?post=1157"}],"version-history":[{"count":4,"href":"https:\/\/www.fpbidebietalh.eus\/eu\/wp-json\/wp\/v2\/pages\/1157\/revisions"}],"predecessor-version":[{"id":2015,"href":"https:\/\/www.fpbidebietalh.eus\/eu\/wp-json\/wp\/v2\/pages\/1157\/revisions\/2015"}],"up":[{"embeddable":true,"href":"https:\/\/www.fpbidebietalh.eus\/eu\/wp-json\/wp\/v2\/pages\/1318"}],"wp:attachment":[{"href":"https:\/\/www.fpbidebietalh.eus\/eu\/wp-json\/wp\/v2\/media?parent=1157"}],"curies":[{"name":"wp","href":"https:\/\/api.w.org\/{rel}","templated":true}]}}